{"id":1013,"date":"2019-01-23T19:19:30","date_gmt":"2019-01-23T16:19:30","guid":{"rendered":"https:\/\/www.mtmsuaritma.com.tr\/insan-kaynaklari\/"},"modified":"2021-05-24T04:07:55","modified_gmt":"2021-05-24T01:07:55","slug":"human-resources","status":"publish","type":"page","link":"https:\/\/www.waterjobs.com.tr\/en\/human-resources\/","title":{"rendered":"Human Resources"},"content":{"rendered":"<p style=\"text-align: justify;\">If you want to take part in our company growing in the sector with confident steps, you can send us an e-mail by filling out the form below.<\/p>\n<div id=\"quform-406c97\" class=\"quform quform-6 quform-theme-light quform-support-page-caching\"><form id=\"quform-form-406c97\" class=\"quform-form quform-form-6\" action=\"\/en\/wp-json\/wp\/v2\/pages\/1013#quform-406c97\" method=\"post\" enctype=\"multipart\/form-data\" novalidate=\"novalidate\" data-options=\"{&quot;id&quot;:6,&quot;uniqueId&quot;:&quot;406c97&quot;,&quot;theme&quot;:&quot;light&quot;,&quot;ajax&quot;:true,&quot;logic&quot;:{&quot;logic&quot;:[],&quot;dependents&quot;:[],&quot;elementIds&quot;:[],&quot;dependentElementIds&quot;:[],&quot;animate&quot;:true},&quot;currentPageId&quot;:1,&quot;errorsIcon&quot;:&quot;&quot;,&quot;updateFancybox&quot;:true,&quot;hasPages&quot;:false,&quot;pages&quot;:[1],&quot;pageProgressType&quot;:&quot;numbers&quot;,&quot;tooltipsEnabled&quot;:true,&quot;tooltipClasses&quot;:&quot;qtip-quform-dark qtip-shadow&quot;,&quot;tooltipMy&quot;:&quot;left center&quot;,&quot;tooltipAt&quot;:&quot;right center&quot;,&quot;isRtl&quot;:false,&quot;scrollOffset&quot;:-50,&quot;scrollSpeed&quot;:800}\"><button class=\"quform-default-submit\" name=\"quform_submit\" type=\"submit\" value=\"submit\" aria-hidden=\"true\" tabindex=\"-1\"><\/button><div class=\"quform-form-inner quform-form-inner-6\"><input type=\"hidden\" name=\"quform_form_id\" value=\"6\" \/><input type=\"hidden\" name=\"quform_form_uid\" value=\"406c97\" \/><input type=\"hidden\" name=\"quform_count\" value=\"1\" \/><input type=\"hidden\" name=\"form_url\" value=\"https:\/\/www.waterjobs.com.tr\/en\/wp-json\/wp\/v2\/pages\/1013\" \/><input type=\"hidden\" name=\"referring_url\" value=\"\" \/><input type=\"hidden\" name=\"post_id\" value=\"\" \/><input type=\"hidden\" name=\"post_title\" value=\"\" \/><input type=\"hidden\" name=\"quform_current_page_id\" value=\"1\" \/><input type=\"hidden\" name=\"quform_csrf_token\" value=\"YaNj7gmiBnfybRVh6AYULDbjW4Qnp3R65yJ5UA0S\" \/><div class=\"quform-elements quform-elements-6 quform-cf quform-responsive-elements-phone-landscape\"><div class=\"quform-element quform-element-page quform-page-1 quform-page-6_1 quform-cf quform-group-style-plain quform-first-page quform-last-page quform-current-page\"><div class=\"quform-page-title-description\"><h3 class=\"quform-page-title\">Job Application Form<\/h3><\/div><div class=\"quform-child-elements\"><div class=\"quform-element quform-element-row quform-element-row-6_3 quform-2-columns quform-element-row-size-fixed quform-responsive-columns-phone-landscape\"><div class=\"quform-element quform-element-column quform-element-6_4\"><div class=\"quform-element quform-element-text quform-element-6_6 quform-cf quform-labels-inside quform-element-required\"><div class=\"quform-spacer\"><div class=\"quform-label quform-label-6_6\"><label class=\"quform-label-text\" for=\"quform_6_6_406c97\">Name<span class=\"quform-required\">*<\/span><\/label><\/div><div class=\"quform-inner quform-inner-text quform-inner-6_6\"><div class=\"quform-input quform-input-text quform-input-6_6 quform-cf\"><input type=\"text\" id=\"quform_6_6_406c97\" name=\"quform_6_6\" class=\"quform-field quform-field-text quform-field-6_6\" \/><\/div><\/div><\/div><\/div><div class=\"quform-element quform-element-text quform-element-6_8 quform-cf quform-labels-inside quform-element-required\"><div class=\"quform-spacer\"><div class=\"quform-label quform-label-6_8\"><label class=\"quform-label-text\" for=\"quform_6_8_406c97\">Phone<span class=\"quform-required\">*<\/span><\/label><\/div><div class=\"quform-inner quform-inner-text quform-inner-6_8\"><div class=\"quform-input quform-input-text quform-input-6_8 quform-cf\"><input type=\"text\" id=\"quform_6_8_406c97\" name=\"quform_6_8\" class=\"quform-field quform-field-text quform-field-6_8\" \/><\/div><\/div><\/div><\/div><\/div><div class=\"quform-element quform-element-column quform-element-6_5\"><div class=\"quform-element quform-element-email quform-element-6_7 quform-cf quform-labels-inside quform-element-required\"><div class=\"quform-spacer\"><div class=\"quform-label quform-label-6_7\"><label class=\"quform-label-text\" for=\"quform_6_7_406c97\">Mail<span class=\"quform-required\">*<\/span><\/label><\/div><div class=\"quform-inner quform-inner-email quform-inner-6_7\"><div class=\"quform-input quform-input-email quform-input-6_7 quform-cf\"><input type=\"email\" id=\"quform_6_7_406c97\" name=\"quform_6_7\" class=\"quform-field quform-field-email quform-field-6_7\" \/><\/div><\/div><\/div><\/div><div class=\"quform-element quform-element-text quform-element-6_9 quform-cf quform-labels-inside quform-element-optional\"><div class=\"quform-spacer\"><div class=\"quform-label quform-label-6_9\"><label class=\"quform-label-text\" for=\"quform_6_9_406c97\">Department<\/label><\/div><div class=\"quform-inner quform-inner-text quform-inner-6_9\"><div class=\"quform-input quform-input-text quform-input-6_9 quform-cf\"><input type=\"text\" id=\"quform_6_9_406c97\" name=\"quform_6_9\" class=\"quform-field quform-field-text quform-field-6_9\" \/><\/div><\/div><\/div><\/div><\/div><\/div><div class=\"quform-element quform-element-row quform-element-row-6_15 quform-2-columns quform-element-row-size-fixed quform-responsive-columns-phone-landscape\"><div class=\"quform-element quform-element-column quform-element-6_16\"><div class=\"quform-element quform-element-file quform-element-6_14 quform-cf quform-element-required\"><div class=\"quform-spacer\"><div class=\"quform-label quform-label-6_14\"><label class=\"quform-label-text\" for=\"quform_6_14_406c97\">CV File<span class=\"quform-required\">*<\/span><\/label><\/div><div class=\"quform-inner quform-inner-file quform-inner-6_14\"><p class=\"quform-description quform-description-above\">NOT: Doyan\u0131z\u0131 sadece Word (doc) ve PDF format\u0131nda y\u00fckleyebilirsiniz<\/p><div class=\"quform-input quform-input-file quform-input-6_14 quform-cf quform-button-style-theme\"><input type=\"file\" id=\"quform_6_14_406c97\" name=\"quform_6_14[]\" class=\"quform-field quform-field-file quform-field-6_14 quform-field-file-enhanced\" data-config=\"{&quot;id&quot;:14,&quot;identifier&quot;:&quot;6_14&quot;,&quot;name&quot;:&quot;quform_6_14&quot;,&quot;max&quot;:1,&quot;size&quot;:1048576,&quot;allowedExtensions&quot;:[&quot;doc&quot;,&quot;docx&quot;,&quot;pdf&quot;],&quot;notAllowedTypeWithFilename&quot;:&quot;File type of &#039;%filename%&#039; is not allowed&quot;,&quot;tooBigWithFilename&quot;:&quot;File &#039;%filename%&#039; exceeds the maximum allowed file size&quot;,&quot;tooMany&quot;:&quot;You cannot upload more than %max% file(s)&quot;,&quot;buttonType&quot;:&quot;button&quot;,&quot;buttonText&quot;:&quot;Browse File&quot;,&quot;buttonIcon&quot;:&quot;qicon-file_upload&quot;,&quot;buttonIconPosition&quot;:&quot;right&quot;}\" \/><\/div><\/div><\/div><\/div><\/div><div class=\"quform-element quform-element-column quform-element-6_17\"><div class=\"quform-element quform-element-textarea quform-element-6_10 quform-cf quform-element-optional\"><div class=\"quform-spacer\"><div class=\"quform-label quform-label-6_10\"><label class=\"quform-label-text\" for=\"quform_6_10_406c97\">Message<\/label><\/div><div class=\"quform-inner quform-inner-textarea quform-inner-6_10\"><div class=\"quform-input quform-input-textarea quform-input-6_10 quform-cf\"><textarea id=\"quform_6_10_406c97\" name=\"quform_6_10\" class=\"quform-field quform-field-textarea quform-field-6_10\"><\/textarea><\/div><\/div><\/div><\/div><\/div><\/div><div class=\"quform-element quform-element-submit quform-element-6_2 quform-cf quform-button-style-sexy-silver quform-button-width-full\"><div class=\"quform-button-submit quform-button-submit-default quform-button-submit-6_2 quform-button-icon-left\"><button name=\"quform_submit\" type=\"submit\" class=\"quform-submit\" value=\"submit\"><span class=\"quform-button-icon quform-button-submit-icon\"><i class=\"qicon-paper-plane\"><\/i><\/span><span class=\"quform-button-text quform-button-submit-text\">APPLY NOW<\/span><\/button><\/div><div class=\"quform-loading quform-loading-position-left quform-loading-type-spinner-1\"><div class=\"quform-loading-inner\"><div class=\"quform-loading-spinner\"><div class=\"quform-loading-spinner-inner\"><\/div><\/div><\/div><\/div><\/div><div class=\"quform-element-tree\"><label for=\"quform_6_0_406c97\">This field should be left blank<\/label><input type=\"text\" id=\"quform_6_0_406c97\" name=\"quform_6_0\" class=\"quform-field quform-field-tree quform-field-6_0\" tabindex=\"-1\" autocomplete=\"off\" \/><\/div><\/div><\/div><\/div><div class=\"quform-upload-progress-wrap\"><div class=\"quform-upload-progress-bar-wrap\"><div class=\"quform-upload-progress-bar\"><\/div><\/div><div class=\"quform-upload-info quform-cf\"><div class=\"quform-upload-filename\"><\/div><\/div><\/div><\/div><\/form><\/div>\n","protected":false},"excerpt":{"rendered":"<p>If you want to take part in our company growing in the sector with confident steps, you can send us an e-mail by filling out the form below.<\/p>\n","protected":false},"author":1,"featured_media":0,"parent":0,"menu_order":6,"comment_status":"closed","ping_status":"closed","template":"","meta":[],"yoast_head":"<!-- This site is optimized with the Yoast SEO plugin v23.0 - https:\/\/yoast.com\/wordpress\/plugins\/seo\/ -->\n<title>Human Resources - MTM Water Treatment Systems<\/title>\n<meta name=\"robots\" content=\"index, follow, max-snippet:-1, max-image-preview:large, max-video-preview:-1\" \/>\n<link rel=\"canonical\" href=\"https:\/\/www.waterjobs.com.tr\/en\/human-resources\/\" \/>\n<meta property=\"og:locale\" content=\"en_US\" \/>\n<meta property=\"og:type\" content=\"article\" \/>\n<meta property=\"og:title\" content=\"Human Resources - MTM Water Treatment Systems\" \/>\n<meta property=\"og:description\" content=\"If you want to take part in our company growing in the sector with confident steps, you can send us an e-mail by filling out the form below.\" \/>\n<meta property=\"og:url\" content=\"https:\/\/www.waterjobs.com.tr\/en\/human-resources\/\" \/>\n<meta property=\"og:site_name\" content=\"MTM Water Treatment Systems\" \/>\n<meta property=\"article:modified_time\" content=\"2021-05-24T01:07:55+00:00\" \/>\n<meta name=\"twitter:card\" content=\"summary_large_image\" \/>\n<script type=\"application\/ld+json\" class=\"yoast-schema-graph\">{\"@context\":\"https:\/\/schema.org\",\"@graph\":[{\"@type\":\"WebPage\",\"@id\":\"https:\/\/www.waterjobs.com.tr\/en\/human-resources\/\",\"url\":\"https:\/\/www.waterjobs.com.tr\/en\/human-resources\/\",\"name\":\"Human Resources - MTM Water Treatment Systems\",\"isPartOf\":{\"@id\":\"https:\/\/www.mtmsuaritma.com.tr\/#website\"},\"datePublished\":\"2019-01-23T16:19:30+00:00\",\"dateModified\":\"2021-05-24T01:07:55+00:00\",\"breadcrumb\":{\"@id\":\"https:\/\/www.waterjobs.com.tr\/en\/human-resources\/#breadcrumb\"},\"inLanguage\":\"en-US\",\"potentialAction\":[{\"@type\":\"ReadAction\",\"target\":[\"https:\/\/www.waterjobs.com.tr\/en\/human-resources\/\"]}]},{\"@type\":\"BreadcrumbList\",\"@id\":\"https:\/\/www.waterjobs.com.tr\/en\/human-resources\/#breadcrumb\",\"itemListElement\":[{\"@type\":\"ListItem\",\"position\":1,\"name\":\"Ana sayfa\",\"item\":\"https:\/\/www.waterjobs.com.tr\/en\/\"},{\"@type\":\"ListItem\",\"position\":2,\"name\":\"Human Resources\"}]},{\"@type\":\"WebSite\",\"@id\":\"https:\/\/www.mtmsuaritma.com.tr\/#website\",\"url\":\"https:\/\/www.mtmsuaritma.com.tr\/\",\"name\":\"MTM Water Treatment Systems\",\"description\":\"MTM Industrial Water Treatment and Project Application Syst. Ind. Trade. Ltd. Co. \",\"potentialAction\":[{\"@type\":\"SearchAction\",\"target\":{\"@type\":\"EntryPoint\",\"urlTemplate\":\"https:\/\/www.mtmsuaritma.com.tr\/?s={search_term_string}\"},\"query-input\":\"required name=search_term_string\"}],\"inLanguage\":\"en-US\"}]}<\/script>\n<!-- \/ Yoast SEO plugin. -->","yoast_head_json":{"title":"Human Resources - MTM Water Treatment Systems","robots":{"index":"index","follow":"follow","max-snippet":"max-snippet:-1","max-image-preview":"max-image-preview:large","max-video-preview":"max-video-preview:-1"},"canonical":"https:\/\/www.waterjobs.com.tr\/en\/human-resources\/","og_locale":"en_US","og_type":"article","og_title":"Human Resources - MTM Water Treatment Systems","og_description":"If you want to take part in our company growing in the sector with confident steps, you can send us an e-mail by filling out the form below.","og_url":"https:\/\/www.waterjobs.com.tr\/en\/human-resources\/","og_site_name":"MTM Water Treatment Systems","article_modified_time":"2021-05-24T01:07:55+00:00","twitter_card":"summary_large_image","schema":{"@context":"https:\/\/schema.org","@graph":[{"@type":"WebPage","@id":"https:\/\/www.waterjobs.com.tr\/en\/human-resources\/","url":"https:\/\/www.waterjobs.com.tr\/en\/human-resources\/","name":"Human Resources - MTM Water Treatment Systems","isPartOf":{"@id":"https:\/\/www.mtmsuaritma.com.tr\/#website"},"datePublished":"2019-01-23T16:19:30+00:00","dateModified":"2021-05-24T01:07:55+00:00","breadcrumb":{"@id":"https:\/\/www.waterjobs.com.tr\/en\/human-resources\/#breadcrumb"},"inLanguage":"en-US","potentialAction":[{"@type":"ReadAction","target":["https:\/\/www.waterjobs.com.tr\/en\/human-resources\/"]}]},{"@type":"BreadcrumbList","@id":"https:\/\/www.waterjobs.com.tr\/en\/human-resources\/#breadcrumb","itemListElement":[{"@type":"ListItem","position":1,"name":"Ana sayfa","item":"https:\/\/www.waterjobs.com.tr\/en\/"},{"@type":"ListItem","position":2,"name":"Human Resources"}]},{"@type":"WebSite","@id":"https:\/\/www.mtmsuaritma.com.tr\/#website","url":"https:\/\/www.mtmsuaritma.com.tr\/","name":"MTM Water Treatment Systems","description":"MTM Industrial Water Treatment and Project Application Syst. Ind. Trade. Ltd. Co. ","potentialAction":[{"@type":"SearchAction","target":{"@type":"EntryPoint","urlTemplate":"https:\/\/www.mtmsuaritma.com.tr\/?s={search_term_string}"},"query-input":"required name=search_term_string"}],"inLanguage":"en-US"}]}},"_links":{"self":[{"href":"https:\/\/www.waterjobs.com.tr\/en\/wp-json\/wp\/v2\/pages\/1013"}],"collection":[{"href":"https:\/\/www.waterjobs.com.tr\/en\/wp-json\/wp\/v2\/pages"}],"about":[{"href":"https:\/\/www.waterjobs.com.tr\/en\/wp-json\/wp\/v2\/types\/page"}],"author":[{"embeddable":true,"href":"https:\/\/www.waterjobs.com.tr\/en\/wp-json\/wp\/v2\/users\/1"}],"replies":[{"embeddable":true,"href":"https:\/\/www.waterjobs.com.tr\/en\/wp-json\/wp\/v2\/comments?post=1013"}],"version-history":[{"count":0,"href":"https:\/\/www.waterjobs.com.tr\/en\/wp-json\/wp\/v2\/pages\/1013\/revisions"}],"wp:attachment":[{"href":"https:\/\/www.waterjobs.com.tr\/en\/wp-json\/wp\/v2\/media?parent=1013"}],"curies":[{"name":"wp","href":"https:\/\/api.w.org\/{rel}","templated":true}]}}